{"id":69,"date":"2023-01-08T21:31:12","date_gmt":"2023-01-08T21:31:12","guid":{"rendered":"http:\/\/www.pless.hu\/?page_id=69"},"modified":"2023-01-08T21:43:53","modified_gmt":"2023-01-08T21:43:53","slug":"kezdolap","status":"publish","type":"page","link":"http:\/\/www.pless.hu\/","title":{"rendered":"Kezd\u0151lap"},"content":{"rendered":"\n<p>\u00d6nnek a v\u00e1llalkoz\u00e1sa sikere a fontos, nek\u00fcnk, hogy sikeres legyen a v\u00e1llalkoz\u00e1sa.<\/p>\n\n\n\n<p>Tulajdonk\u00e9ppen egy a c\u00e9l, \u00e9s ez a l\u00e9nyeg.<\/p>\n\n\n\n<p>A sikerhez biztos alapok kellenek.<\/p>\n\n\n\n<p>Megfelel\u0151 szak\u00e9rtelem, elhivatotts\u00e1g, kitart\u00e1s \u00e9s sok munka.<\/p>\n","protected":false},"excerpt":{"rendered":"<p>\u00d6nnek a v\u00e1llalkoz\u00e1sa sikere a fontos, nek\u00fcnk, hogy sikeres legyen a v\u00e1llalkoz\u00e1sa. Tulajdonk\u00e9ppen egy a c\u00e9l, \u00e9s ez a l\u00e9nyeg. A sikerhez biztos alapok kellenek. Megfelel\u0151 szak\u00e9rtelem, elhivatotts\u00e1g, kitart\u00e1s \u00e9s sok munka.<\/p>\n","protected":false},"author":1,"featured_media":0,"parent":0,"menu_order":0,"comment_status":"closed","ping_status":"closed","template":"","meta":{"footnotes":""},"class_list":["post-69","page","type-page","status-publish","hentry"],"_links":{"self":[{"href":"http:\/\/www.pless.hu\/index.php?rest_route=\/wp\/v2\/pages\/69","targetHints":{"allow":["GET"]}}],"collection":[{"href":"http:\/\/www.pless.hu\/index.php?rest_route=\/wp\/v2\/pages"}],"about":[{"href":"http:\/\/www.pless.hu\/index.php?rest_route=\/wp\/v2\/types\/page"}],"author":[{"embeddable":true,"href":"http:\/\/www.pless.hu\/index.php?rest_route=\/wp\/v2\/users\/1"}],"replies":[{"embeddable":true,"href":"http:\/\/www.pless.hu\/index.php?rest_route=%2Fwp%2Fv2%2Fcomments&post=69"}],"version-history":[{"count":3,"href":"http:\/\/www.pless.hu\/index.php?rest_route=\/wp\/v2\/pages\/69\/revisions"}],"predecessor-version":[{"id":75,"href":"http:\/\/www.pless.hu\/index.php?rest_route=\/wp\/v2\/pages\/69\/revisions\/75"}],"wp:attachment":[{"href":"http:\/\/www.pless.hu\/index.php?rest_route=%2Fwp%2Fv2%2Fmedia&parent=69"}],"curies":[{"name":"wp","href":"https:\/\/api.w.org\/{rel}","templated":true}]}}