{"id":52,"date":"2023-01-08T20:49:04","date_gmt":"2023-01-08T20:49:04","guid":{"rendered":"http:\/\/www.pless.hu\/?page_id=52"},"modified":"2023-01-08T20:56:38","modified_gmt":"2023-01-08T20:56:38","slug":"berszamfejtes","status":"publish","type":"page","link":"http:\/\/www.pless.hu\/?page_id=52","title":{"rendered":"B\u00e9rsz\u00e1mfejt\u00e9s"},"content":{"rendered":"\n<p><strong>Mi levessz\u00fck a gondot a v\u00e1ll\u00e1r\u00f3l!<\/strong><\/p>\n\n\n\n<p>K\u00f6nyvel\u00e9si szolg\u00e1ltat\u00e1sunk mellett, term\u00e9szetesen v\u00e1llaljuk c\u00e9gek teljes k\u00f6r\u0171 b\u00e9rsz\u00e1mfejt\u00e9s\u00e9t \u00e9s TB \u00fcgyint\u00e9z\u00e9s\u00e9t.<\/p>\n\n\n\n<p>\u00c9rdemes minket v\u00e1lasztani, mert a jogszab\u00e1lyi el\u0151\u00edr\u00e1soknak megfelel\u0151, k\u00f6telez\u0151 feladatokon fel\u00fcl seg\u00edt\u00fcnk \u00fcgyfeleinknek.<\/p>\n\n\n\n<p>B\u00e9rsz\u00e1mfejt\u00e9s m\u00e1r 3 000 Ft\/f\u0151\/h\u00f3-t\u00f3l.<\/p>\n\n\n\n<p><strong>Amihez \u00e9rt\u00fcnk, \u00e9s amit ny\u00fajtani tudunk:<\/strong><\/p>\n\n\n\n<ul class=\"wp-block-list\">\n<li>elint\u00e9zz\u00fck a munkav\u00e1llal\u00f3i bejelent\u00e9seket<\/li>\n<\/ul>\n\n\n\n<ul class=\"wp-block-list\">\n<li>jelenl\u00e9ti \u00edvek alapj\u00e1n gondoskodunk a dolgoz\u00f3i b\u00e9rsz\u00e1mfejt\u00e9sek elk\u00e9sz\u00edt\u00e9s\u00e9r\u0151l<\/li>\n<\/ul>\n\n\n\n<ul class=\"wp-block-list\">\n<li>list\u00e1t k\u00fcld\u00fcnk az utaland\u00f3 munkab\u00e9rekr\u0151l \u00e9s j\u00e1rul\u00e9kokr\u00f3l<\/li>\n<\/ul>\n\n\n\n<ul class=\"wp-block-list\">\n<li>megtessz\u00fck a v\u00e1ltoz\u00e1sok bejelent\u00e9s\u00e9t (pl. munkaszerz\u0151d\u00e9s m\u00f3dos\u00edt\u00e1s eset\u00e9n)<\/li>\n<\/ul>\n\n\n\n<ul class=\"wp-block-list\">\n<li>munkaviszony megsz\u0171n\u00e9se eset\u00e9n elv\u00e9gezz\u00fck a munkav\u00e1llal\u00f3k kil\u00e9ptet\u00e9s\u00e9t, elk\u00e9sz\u00edtj\u00fck a kil\u00e9p\u00e9si dokument\u00e1ci\u00f3t<\/li>\n<\/ul>\n","protected":false},"excerpt":{"rendered":"<p>Mi levessz\u00fck a gondot a v\u00e1ll\u00e1r\u00f3l! K\u00f6nyvel\u00e9si szolg\u00e1ltat\u00e1sunk mellett, term\u00e9szetesen v\u00e1llaljuk c\u00e9gek teljes k\u00f6r\u0171 b\u00e9rsz\u00e1mfejt\u00e9s\u00e9t \u00e9s TB \u00fcgyint\u00e9z\u00e9s\u00e9t. \u00c9rdemes minket v\u00e1lasztani, mert a jogszab\u00e1lyi el\u0151\u00edr\u00e1soknak megfelel\u0151, k\u00f6telez\u0151 feladatokon fel\u00fcl seg\u00edt\u00fcnk \u00fcgyfeleinknek. B\u00e9rsz\u00e1mfejt\u00e9s m\u00e1r 3 000 Ft\/f\u0151\/h\u00f3-t\u00f3l. Amihez \u00e9rt\u00fcnk, \u00e9s amit ny\u00fajtani tudunk:<\/p>\n","protected":false},"author":1,"featured_media":0,"parent":0,"menu_order":0,"comment_status":"closed","ping_status":"closed","template":"","meta":{"footnotes":""},"class_list":["post-52","page","type-page","status-publish","hentry"],"_links":{"self":[{"href":"http:\/\/www.pless.hu\/index.php?rest_route=\/wp\/v2\/pages\/52","targetHints":{"allow":["GET"]}}],"collection":[{"href":"http:\/\/www.pless.hu\/index.php?rest_route=\/wp\/v2\/pages"}],"about":[{"href":"http:\/\/www.pless.hu\/index.php?rest_route=\/wp\/v2\/types\/page"}],"author":[{"embeddable":true,"href":"http:\/\/www.pless.hu\/index.php?rest_route=\/wp\/v2\/users\/1"}],"replies":[{"embeddable":true,"href":"http:\/\/www.pless.hu\/index.php?rest_route=%2Fwp%2Fv2%2Fcomments&post=52"}],"version-history":[{"count":4,"href":"http:\/\/www.pless.hu\/index.php?rest_route=\/wp\/v2\/pages\/52\/revisions"}],"predecessor-version":[{"id":58,"href":"http:\/\/www.pless.hu\/index.php?rest_route=\/wp\/v2\/pages\/52\/revisions\/58"}],"wp:attachment":[{"href":"http:\/\/www.pless.hu\/index.php?rest_route=%2Fwp%2Fv2%2Fmedia&parent=52"}],"curies":[{"name":"wp","href":"https:\/\/api.w.org\/{rel}","templated":true}]}}