{"id":45,"date":"2023-01-08T20:31:46","date_gmt":"2023-01-08T20:31:46","guid":{"rendered":"http:\/\/www.pless.hu\/?page_id=45"},"modified":"2023-01-08T20:43:10","modified_gmt":"2023-01-08T20:43:10","slug":"konyveles","status":"publish","type":"page","link":"http:\/\/www.pless.hu\/?page_id=45","title":{"rendered":"K\u00f6nyvel\u00e9s"},"content":{"rendered":"\n<p><strong>\u00c1tl\u00e1that\u00f3, pontos k\u00f6nyvel\u00e9st szeretne?<\/strong><\/p>\n\n\n\n<p>Akkor itt az id\u0151, v\u00e1lasszon minket!<\/p>\n\n\n\n<p>T\u00e1rsas\u00e1goknak m\u00e1r 20 000 Ft\/h\u00f3-t\u00f3l. Hossz\u00fa \u00e9vek tapasztalata mondatja vel\u00fcnk: nem el\u00e9g j\u00f3 k\u00f6nyvel\u0151t tal\u00e1lni, meg kell tal\u00e1lni a legjobbat. Azt a c\u00e9get, amely nem plusz k\u00f6lts\u00e9gbe ker\u00fcl, hanem p\u00e9nzt termel nek\u00fcnk.<\/p>\n\n\n\n<p><strong>Hogyan lehets\u00e9ges ez?<\/strong><\/p>\n\n\n\n<p>Odafigyel\u00e9ssel, szak\u00e9rtelemmel, a t\u00f6rv\u00e9nyi v\u00e1ltoz\u00e1sok naprak\u00e9sz ismeret\u00e9vel, a hat\u00e1rid\u0151k pontos betart\u00e1s\u00e1val, folyamatos munk\u00e1val \u00e9s az \u00fcgyf\u00e9llel val\u00f3 kapcsolattart\u00e1ssal.<\/p>\n\n\n\n<p><strong>Amihez \u00e9rt\u00fcnk, \u00e9s amit ny\u00fajtani tudunk:<\/strong><\/p>\n\n\n\n<ul class=\"wp-block-list\">\n<li>id\u0151ben, hiba n\u00e9lk\u00fcl elk\u00e9sz\u00edtj\u00fck \u00e9s beadjuk ad\u00f3bevall\u00e1sait<\/li>\n<\/ul>\n\n\n\n<ul class=\"wp-block-list\">\n<li>kimutat\u00e1st k\u00e9sz\u00edt\u00fcnk a j\u00e1rul\u00e9kutal\u00e1sokr\u00f3l \u00e9s egy\u00e9b ad\u00f3k, illetm\u00e9nyek befizet\u00e9s\u00e9nek esed\u00e9kess\u00e9g\u00e9r\u0151l<\/li>\n<\/ul>\n\n\n\n<ul class=\"wp-block-list\">\n<li>felh\u00edvjuk a figyelm\u00e9t a hat\u00e1rid\u0151kre, v\u00e1ltoz\u00e1sokra<\/li>\n<\/ul>\n\n\n\n<ul class=\"wp-block-list\">\n<li>az elv\u00e9gzett munk\u00e1nkra felel\u0151ss\u00e9get v\u00e1llalunk<\/li>\n<\/ul>\n\n\n\n<ul class=\"wp-block-list\">\n<li>elmagyar\u00e1zzuk, mi mi\u00e9rt fontos, mindezt \u00e9rthet\u0151en, h\u00e9tk\u00f6znapi nyelven tessz\u00fck<\/li>\n<\/ul>\n","protected":false},"excerpt":{"rendered":"<p>\u00c1tl\u00e1that\u00f3, pontos k\u00f6nyvel\u00e9st szeretne? Akkor itt az id\u0151, v\u00e1lasszon minket! T\u00e1rsas\u00e1goknak m\u00e1r 20 000 Ft\/h\u00f3-t\u00f3l. Hossz\u00fa \u00e9vek tapasztalata mondatja vel\u00fcnk: nem el\u00e9g j\u00f3 k\u00f6nyvel\u0151t tal\u00e1lni, meg kell tal\u00e1lni a legjobbat. Azt a c\u00e9get, amely nem plusz k\u00f6lts\u00e9gbe ker\u00fcl, hanem p\u00e9nzt termel nek\u00fcnk. Hogyan lehets\u00e9ges ez? Odafigyel\u00e9ssel, szak\u00e9rtelemmel, a t\u00f6rv\u00e9nyi v\u00e1ltoz\u00e1sok naprak\u00e9sz ismeret\u00e9vel, a hat\u00e1rid\u0151k pontos [&hellip;]<\/p>\n","protected":false},"author":1,"featured_media":0,"parent":0,"menu_order":0,"comment_status":"closed","ping_status":"closed","template":"","meta":{"footnotes":""},"class_list":["post-45","page","type-page","status-publish","hentry"],"_links":{"self":[{"href":"http:\/\/www.pless.hu\/index.php?rest_route=\/wp\/v2\/pages\/45","targetHints":{"allow":["GET"]}}],"collection":[{"href":"http:\/\/www.pless.hu\/index.php?rest_route=\/wp\/v2\/pages"}],"about":[{"href":"http:\/\/www.pless.hu\/index.php?rest_route=\/wp\/v2\/types\/page"}],"author":[{"embeddable":true,"href":"http:\/\/www.pless.hu\/index.php?rest_route=\/wp\/v2\/users\/1"}],"replies":[{"embeddable":true,"href":"http:\/\/www.pless.hu\/index.php?rest_route=%2Fwp%2Fv2%2Fcomments&post=45"}],"version-history":[{"count":4,"href":"http:\/\/www.pless.hu\/index.php?rest_route=\/wp\/v2\/pages\/45\/revisions"}],"predecessor-version":[{"id":51,"href":"http:\/\/www.pless.hu\/index.php?rest_route=\/wp\/v2\/pages\/45\/revisions\/51"}],"wp:attachment":[{"href":"http:\/\/www.pless.hu\/index.php?rest_route=%2Fwp%2Fv2%2Fmedia&parent=45"}],"curies":[{"name":"wp","href":"https:\/\/api.w.org\/{rel}","templated":true}]}}