{"id":2,"date":"2023-01-06T11:31:12","date_gmt":"2023-01-06T11:31:12","guid":{"rendered":"http:\/\/www.pless.hu\/?page_id=2"},"modified":"2023-01-08T21:05:44","modified_gmt":"2023-01-08T21:05:44","slug":"sample-page","status":"publish","type":"page","link":"http:\/\/www.pless.hu\/?page_id=2","title":{"rendered":"Mi\u00e9rt minket v\u00e1lasszon?"},"content":{"rendered":"\n<p><strong>Mi\u00e9rt mi?<\/strong> <\/p>\n\n\n\n<blockquote class=\"wp-block-quote is-layout-flow wp-block-quote-is-layout-flow\">\n<p>Mert nem a bev\u00e9telei alapj\u00e1n \u00e1llap\u00edtjuk meg a k\u00f6nyvel\u00e9si d\u00edj m\u00e9rt\u00e9k\u00e9t, hanem a sz\u00e1ml\u00e1i \u00e9s az elv\u00e9gzend\u0151 munka alapj\u00e1n. Nem sz\u00e1molunk fel t\u00e9teld\u00edjat, \u00edgy a k\u00f6nyvel\u00e9si k\u00f6lts\u00e9ge el\u0151re kisz\u00e1m\u00edthat\u00f3 marad.<\/p>\n<\/blockquote>\n\n\n\n<p><strong>Mi seg\u00edt\u00fcnk \u00d6nnek.<\/strong><\/p>\n\n\n\n<blockquote class=\"wp-block-quote is-layout-flow wp-block-quote-is-layout-flow\">\n<p>Ha c\u00e9get szeretne alap\u00edtani, k\u00f6nyvel\u0151re, b\u00e9rsz\u00e1mfejt\u0151re van sz\u00fcks\u00e9ge, a legjobb helyen j\u00e1r. Tegyen az\u00e9rt, hogy rendben legyenek v\u00e1llalkoz\u00e1sa p\u00e9nz\u00fcgyei! V\u00e1lasszon szolg\u00e1ltat\u00e1saink k\u00f6z\u00fcl!<\/p>\n<\/blockquote>\n\n\n\n<p><strong>K\u00f6nyvel\u00e9s, b\u00e9rsz\u00e1mfejt\u00e9s?<\/strong><\/p>\n\n\n\n<blockquote class=\"wp-block-quote is-layout-flow wp-block-quote-is-layout-flow\">\n<p>El tud k\u00e9pzelni olyan c\u00e9get, amely j\u00f3l tud m\u0171k\u00f6dni ezek n\u00e9lk\u00fcl?<\/p>\n\n\n\n<p>A v\u00e1lasz: nem.<\/p>\n\n\n\n<p>Mert egy innovat\u00edv, nyeres\u00e9ges c\u00e9g nem engedheti meg mag\u00e1nak, hogy ad\u00f3tartoz\u00e1sa legyen, hogy elfelejtsen beadni egy bevall\u00e1st, vagy ne k\u00e9sz\u00edtse el a munkav\u00e1llal\u00f3i b\u00e9rsz\u00e1mfejt\u00e9s\u00e9t.<\/p>\n<\/blockquote>\n\n\n\n<p><strong>\u00d6n \u00e9rt mindezekhez?<\/strong><\/p>\n\n\n\n<blockquote class=\"wp-block-quote is-layout-flow wp-block-quote-is-layout-flow\">\n<p>Ha nem, \u00e9s fontos \u00d6nnek, hogy c\u00e9ge biztons\u00e1gban legyen, j\u00f3 helyen j\u00e1r.<\/p>\n<\/blockquote>\n","protected":false},"excerpt":{"rendered":"<p>Mi\u00e9rt mi? Mert nem a bev\u00e9telei alapj\u00e1n \u00e1llap\u00edtjuk meg a k\u00f6nyvel\u00e9si d\u00edj m\u00e9rt\u00e9k\u00e9t, hanem a sz\u00e1ml\u00e1i \u00e9s az elv\u00e9gzend\u0151 munka alapj\u00e1n. Nem sz\u00e1molunk fel t\u00e9teld\u00edjat, \u00edgy a k\u00f6nyvel\u00e9si k\u00f6lts\u00e9ge el\u0151re kisz\u00e1m\u00edthat\u00f3 marad. Mi seg\u00edt\u00fcnk \u00d6nnek. Ha c\u00e9get szeretne alap\u00edtani, k\u00f6nyvel\u0151re, b\u00e9rsz\u00e1mfejt\u0151re van sz\u00fcks\u00e9ge, a legjobb helyen j\u00e1r. Tegyen az\u00e9rt, hogy rendben legyenek v\u00e1llalkoz\u00e1sa p\u00e9nz\u00fcgyei! V\u00e1lasszon [&hellip;]<\/p>\n","protected":false},"author":1,"featured_media":0,"parent":0,"menu_order":0,"comment_status":"closed","ping_status":"open","template":"","meta":{"footnotes":""},"class_list":["post-2","page","type-page","status-publish","hentry"],"_links":{"self":[{"href":"http:\/\/www.pless.hu\/index.php?rest_route=\/wp\/v2\/pages\/2","targetHints":{"allow":["GET"]}}],"collection":[{"href":"http:\/\/www.pless.hu\/index.php?rest_route=\/wp\/v2\/pages"}],"about":[{"href":"http:\/\/www.pless.hu\/index.php?rest_route=\/wp\/v2\/types\/page"}],"author":[{"embeddable":true,"href":"http:\/\/www.pless.hu\/index.php?rest_route=\/wp\/v2\/users\/1"}],"replies":[{"embeddable":true,"href":"http:\/\/www.pless.hu\/index.php?rest_route=%2Fwp%2Fv2%2Fcomments&post=2"}],"version-history":[{"count":15,"href":"http:\/\/www.pless.hu\/index.php?rest_route=\/wp\/v2\/pages\/2\/revisions"}],"predecessor-version":[{"id":63,"href":"http:\/\/www.pless.hu\/index.php?rest_route=\/wp\/v2\/pages\/2\/revisions\/63"}],"wp:attachment":[{"href":"http:\/\/www.pless.hu\/index.php?rest_route=%2Fwp%2Fv2%2Fmedia&parent=2"}],"curies":[{"name":"wp","href":"https:\/\/api.w.org\/{rel}","templated":true}]}}